{"id":1881,"date":"2023-09-16T18:26:03","date_gmt":"2023-09-16T17:26:03","guid":{"rendered":"https:\/\/varjoklaanin.com\/index.php\/nova\/"},"modified":"2023-09-16T20:21:53","modified_gmt":"2023-09-16T19:21:53","slug":"nova","status":"publish","type":"page","link":"https:\/\/varjoklaanin.com\/index.php\/nova\/","title":{"rendered":"Nova"},"content":{"rendered":"\t\t<div data-elementor-type=\"wp-page\" data-elementor-id=\"1881\" class=\"elementor elementor-1881\">\n\t\t\t\t\t\t\t\t\t<section class=\"elementor-section elementor-top-section elementor-element elementor-element-3e7ac77b elementor-section-height-min-height elementor-section-boxed elementor-section-height-default elementor-section-items-middle\" data-id=\"3e7ac77b\" data-element_type=\"section\" data-settings=\"{&quot;background_background&quot;:&quot;classic&quot;}\">\n\t\t\t\t\t\t\t<div class=\"elementor-background-overlay\"><\/div>\n\t\t\t\t\t\t\t<div class=\"elementor-container elementor-column-gap-default\">\n\t\t\t\t\t<div class=\"elementor-column elementor-col-100 elementor-top-column elementor-element elementor-element-12d310f1\" data-id=\"12d310f1\" data-element_type=\"column\">\n\t\t\t<div class=\"elementor-widget-wrap elementor-element-populated\">\n\t\t\t\t\t\t\t\t<div class=\"elementor-element elementor-element-169b58d6 elementor-widget elementor-widget-heading\" data-id=\"169b58d6\" data-element_type=\"widget\" data-widget_type=\"heading.default\">\n\t\t\t\t<div class=\"elementor-widget-container\">\n\t\t\t<style>\/*! elementor - v3.16.0 - 14-09-2023 *\/\n.elementor-heading-title{padding:0;margin:0;line-height:1}.elementor-widget-heading .elementor-heading-title[class*=elementor-size-]>a{color:inherit;font-size:inherit;line-height:inherit}.elementor-widget-heading .elementor-heading-title.elementor-size-small{font-size:15px}.elementor-widget-heading .elementor-heading-title.elementor-size-medium{font-size:19px}.elementor-widget-heading .elementor-heading-title.elementor-size-large{font-size:29px}.elementor-widget-heading .elementor-heading-title.elementor-size-xl{font-size:39px}.elementor-widget-heading .elementor-heading-title.elementor-size-xxl{font-size:59px}<\/style><h1 class=\"elementor-heading-title elementor-size-default\">Nova<\/h1>\t\t<\/div>\n\t\t\t\t<\/div>\n\t\t\t\t\t<\/div>\n\t\t<\/div>\n\t\t\t\t\t\t\t<\/div>\n\t\t<\/section>\n\t\t\t\t<section class=\"elementor-section elementor-top-section elementor-element elementor-element-1b5c5b3 elementor-section-boxed elementor-section-height-default elementor-section-height-default\" data-id=\"1b5c5b3\" data-element_type=\"section\" data-settings=\"{&quot;background_background&quot;:&quot;classic&quot;}\">\n\t\t\t\t\t\t<div class=\"elementor-container elementor-column-gap-default\">\n\t\t\t\t\t<div class=\"elementor-column elementor-col-100 elementor-top-column elementor-element elementor-element-4a357852\" data-id=\"4a357852\" data-element_type=\"column\">\n\t\t\t<div class=\"elementor-widget-wrap elementor-element-populated\">\n\t\t\t\t\t\t\t\t<section class=\"elementor-section elementor-inner-section elementor-element elementor-element-459342bf elementor-section-boxed elementor-section-height-default elementor-section-height-default\" data-id=\"459342bf\" data-element_type=\"section\">\n\t\t\t\t\t\t<div class=\"elementor-container elementor-column-gap-default\">\n\t\t\t\t\t<div class=\"elementor-column elementor-col-50 elementor-inner-column elementor-element elementor-element-9c7cfe6\" data-id=\"9c7cfe6\" data-element_type=\"column\">\n\t\t\t<div class=\"elementor-widget-wrap elementor-element-populated\">\n\t\t\t\t\t\t\t\t<div class=\"elementor-element elementor-element-3bad9d79 elementor-widget elementor-widget-heading\" data-id=\"3bad9d79\" data-element_type=\"widget\" data-widget_type=\"heading.default\">\n\t\t\t\t<div class=\"elementor-widget-container\">\n\t\t\t<h2 class=\"elementor-heading-title elementor-size-default\">Lauman tohelo<\/h2>\t\t<\/div>\n\t\t\t\t<\/div>\n\t\t\t\t<div class=\"elementor-element elementor-element-5862a18 elementor-widget-divider--view-line elementor-widget elementor-widget-divider\" data-id=\"5862a18\" data-element_type=\"widget\" data-widget_type=\"divider.default\">\n\t\t\t\t<div class=\"elementor-widget-container\">\n\t\t\t<style>\/*! elementor - v3.16.0 - 14-09-2023 *\/\n.elementor-widget-divider{--divider-border-style:none;--divider-border-width:1px;--divider-color:#0c0d0e;--divider-icon-size:20px;--divider-element-spacing:10px;--divider-pattern-height:24px;--divider-pattern-size:20px;--divider-pattern-url:none;--divider-pattern-repeat:repeat-x}.elementor-widget-divider .elementor-divider{display:flex}.elementor-widget-divider .elementor-divider__text{font-size:15px;line-height:1;max-width:95%}.elementor-widget-divider .elementor-divider__element{margin:0 var(--divider-element-spacing);flex-shrink:0}.elementor-widget-divider .elementor-icon{font-size:var(--divider-icon-size)}.elementor-widget-divider .elementor-divider-separator{display:flex;margin:0;direction:ltr}.elementor-widget-divider--view-line_icon .elementor-divider-separator,.elementor-widget-divider--view-line_text .elementor-divider-separator{align-items:center}.elementor-widget-divider--view-line_icon .elementor-divider-separator:after,.elementor-widget-divider--view-line_icon .elementor-divider-separator:before,.elementor-widget-divider--view-line_text .elementor-divider-separator:after,.elementor-widget-divider--view-line_text .elementor-divider-separator:before{display:block;content:\"\";border-bottom:0;flex-grow:1;border-top:var(--divider-border-width) var(--divider-border-style) var(--divider-color)}.elementor-widget-divider--element-align-left .elementor-divider .elementor-divider-separator>.elementor-divider__svg:first-of-type{flex-grow:0;flex-shrink:100}.elementor-widget-divider--element-align-left .elementor-divider-separator:before{content:none}.elementor-widget-divider--element-align-left .elementor-divider__element{margin-left:0}.elementor-widget-divider--element-align-right .elementor-divider .elementor-divider-separator>.elementor-divider__svg:last-of-type{flex-grow:0;flex-shrink:100}.elementor-widget-divider--element-align-right .elementor-divider-separator:after{content:none}.elementor-widget-divider--element-align-right .elementor-divider__element{margin-right:0}.elementor-widget-divider:not(.elementor-widget-divider--view-line_text):not(.elementor-widget-divider--view-line_icon) .elementor-divider-separator{border-top:var(--divider-border-width) var(--divider-border-style) var(--divider-color)}.elementor-widget-divider--separator-type-pattern{--divider-border-style:none}.elementor-widget-divider--separator-type-pattern.elementor-widget-divider--view-line .elementor-divider-separator,.elementor-widget-divider--separator-type-pattern:not(.elementor-widget-divider--view-line) .elementor-divider-separator:after,.elementor-widget-divider--separator-type-pattern:not(.elementor-widget-divider--view-line) .elementor-divider-separator:before,.elementor-widget-divider--separator-type-pattern:not([class*=elementor-widget-divider--view]) .elementor-divider-separator{width:100%;min-height:var(--divider-pattern-height);-webkit-mask-size:var(--divider-pattern-size) 100%;mask-size:var(--divider-pattern-size) 100%;-webkit-mask-repeat:var(--divider-pattern-repeat);mask-repeat:var(--divider-pattern-repeat);background-color:var(--divider-color);-webkit-mask-image:var(--divider-pattern-url);mask-image:var(--divider-pattern-url)}.elementor-widget-divider--no-spacing{--divider-pattern-size:auto}.elementor-widget-divider--bg-round{--divider-pattern-repeat:round}.rtl .elementor-widget-divider .elementor-divider__text{direction:rtl}.e-con-inner>.elementor-widget-divider,.e-con>.elementor-widget-divider{width:var(--container-widget-width,100%);--flex-grow:var(--container-widget-flex-grow)}<\/style>\t\t<div class=\"elementor-divider\">\n\t\t\t<span class=\"elementor-divider-separator\">\n\t\t\t\t\t\t<\/span>\n\t\t<\/div>\n\t\t\t\t<\/div>\n\t\t\t\t<\/div>\n\t\t\t\t<div class=\"elementor-element elementor-element-333f095b elementor-widget__width-initial elementor-widget elementor-widget-text-editor\" data-id=\"333f095b\" data-element_type=\"widget\" data-widget_type=\"text-editor.default\">\n\t\t\t\t<div class=\"elementor-widget-container\">\n\t\t\t<style>\/*! elementor - v3.16.0 - 14-09-2023 *\/\n.elementor-widget-text-editor.elementor-drop-cap-view-stacked .elementor-drop-cap{background-color:#69727d;color:#fff}.elementor-widget-text-editor.elementor-drop-cap-view-framed .elementor-drop-cap{color:#69727d;border:3px solid;background-color:transparent}.elementor-widget-text-editor:not(.elementor-drop-cap-view-default) .elementor-drop-cap{margin-top:8px}.elementor-widget-text-editor:not(.elementor-drop-cap-view-default) .elementor-drop-cap-letter{width:1em;height:1em}.elementor-widget-text-editor .elementor-drop-cap{float:left;text-align:center;line-height:1;font-size:50px}.elementor-widget-text-editor .elementor-drop-cap-letter{display:inline-block}<\/style>\t\t\t\t<p>T\u00e4m\u00e4 pieni tirri\u00e4inen on kovin erilainen kuin \u00e4itins\u00e4. Siin\u00e4 miss\u00e4 Halla on hieman pid\u00e4ttyv\u00e4inen ja rauhallinen, on Nova kovin sosiaalinen ja hieman itsep\u00e4inen. Se suorastaan vaatii kaikkia rakastamaan itse\u00e4\u00e4n, mutta omilla ehdoillaan. Se on vilkas ja hieman h\u00e4sl\u00e4. Se ei ole \u00e4\u00e4niarka ja siit\u00e4 itsest\u00e4\u00e4nkin l\u00e4htee jonkin verran \u00e4\u00e4nt\u00e4.\u00a0<span style=\"font-style: inherit; font-weight: inherit;\">Se osaa my\u00f6s k\u00e4ytt\u00e4\u00e4 surutta Hallan kiltteytt\u00e4 hyv\u00e4kseen.<\/span><\/p>\t\t\t\t\t\t<\/div>\n\t\t\t\t<\/div>\n\t\t\t\t\t<\/div>\n\t\t<\/div>\n\t\t\t\t<div class=\"elementor-column elementor-col-50 elementor-inner-column elementor-element elementor-element-23ba6ce4\" data-id=\"23ba6ce4\" data-element_type=\"column\">\n\t\t\t<div class=\"elementor-widget-wrap elementor-element-populated\">\n\t\t\t\t\t\t\t\t<div class=\"elementor-element elementor-element-1a39e1bc elementor-widget elementor-widget-image\" data-id=\"1a39e1bc\" data-element_type=\"widget\" data-widget_type=\"image.default\">\n\t\t\t\t<div class=\"elementor-widget-container\">\n\t\t\t<style>\/*! elementor - v3.16.0 - 14-09-2023 *\/\n.elementor-widget-image{text-align:center}.elementor-widget-image a{display:inline-block}.elementor-widget-image a img[src$=\".svg\"]{width:48px}.elementor-widget-image img{vertical-align:middle;display:inline-block}<\/style>\t\t\t\t\t\t\t\t\t\t\t\t<img loading=\"lazy\" decoding=\"async\" width=\"587\" height=\"666\" src=\"https:\/\/varjoklaanin.com\/wp-content\/uploads\/2023\/09\/Nova3.jpg\" class=\"attachment-large size-large wp-image-1959\" alt=\"\" srcset=\"https:\/\/varjoklaanin.com\/wp-content\/uploads\/2023\/09\/Nova3.jpg 587w, https:\/\/varjoklaanin.com\/wp-content\/uploads\/2023\/09\/Nova3-264x300.jpg 264w\" sizes=\"auto, (max-width: 587px) 100vw, 587px\" \/>\t\t\t\t\t\t\t\t\t\t\t\t\t\t\t<\/div>\n\t\t\t\t<\/div>\n\t\t\t\t\t<\/div>\n\t\t<\/div>\n\t\t\t\t\t\t\t<\/div>\n\t\t<\/section>\n\t\t\t\t\t<\/div>\n\t\t<\/div>\n\t\t\t\t\t\t\t<\/div>\n\t\t<\/section>\n\t\t\t\t<section class=\"elementor-section elementor-top-section elementor-element elementor-element-45bd2240 elementor-section-boxed elementor-section-height-default elementor-section-height-default\" data-id=\"45bd2240\" data-element_type=\"section\" data-settings=\"{&quot;background_background&quot;:&quot;classic&quot;}\">\n\t\t\t\t\t\t<div class=\"elementor-container elementor-column-gap-default\">\n\t\t\t\t\t<div class=\"elementor-column elementor-col-100 elementor-top-column elementor-element elementor-element-7b2697f\" data-id=\"7b2697f\" data-element_type=\"column\">\n\t\t\t<div class=\"elementor-widget-wrap elementor-element-populated\">\n\t\t\t\t\t\t\t\t<div class=\"elementor-element elementor-element-57cf3d00 elementor-widget elementor-widget-spacer\" data-id=\"57cf3d00\" data-element_type=\"widget\" data-widget_type=\"spacer.default\">\n\t\t\t\t<div class=\"elementor-widget-container\">\n\t\t\t<style>\/*! elementor - v3.16.0 - 14-09-2023 *\/\n.elementor-column .elementor-spacer-inner{height:var(--spacer-size)}.e-con{--container-widget-width:100%}.e-con-inner>.elementor-widget-spacer,.e-con>.elementor-widget-spacer{width:var(--container-widget-width,var(--spacer-size));--align-self:var(--container-widget-align-self,initial);--flex-shrink:0}.e-con-inner>.elementor-widget-spacer>.elementor-widget-container,.e-con>.elementor-widget-spacer>.elementor-widget-container{height:100%;width:100%}.e-con-inner>.elementor-widget-spacer>.elementor-widget-container>.elementor-spacer,.e-con>.elementor-widget-spacer>.elementor-widget-container>.elementor-spacer{height:100%}.e-con-inner>.elementor-widget-spacer>.elementor-widget-container>.elementor-spacer>.elementor-spacer-inner,.e-con>.elementor-widget-spacer>.elementor-widget-container>.elementor-spacer>.elementor-spacer-inner{height:var(--container-widget-height,var(--spacer-size))}.e-con-inner>.elementor-widget-spacer.elementor-widget-empty,.e-con>.elementor-widget-spacer.elementor-widget-empty{position:relative;min-height:22px;min-width:22px}.e-con-inner>.elementor-widget-spacer.elementor-widget-empty .elementor-widget-empty-icon,.e-con>.elementor-widget-spacer.elementor-widget-empty .elementor-widget-empty-icon{position:absolute;top:0;bottom:0;left:0;right:0;margin:auto;padding:0;width:22px;height:22px}<\/style>\t\t<div class=\"elementor-spacer\">\n\t\t\t<div class=\"elementor-spacer-inner\"><\/div>\n\t\t<\/div>\n\t\t\t\t<\/div>\n\t\t\t\t<\/div>\n\t\t\t\t<section class=\"elementor-section elementor-inner-section elementor-element elementor-element-1206e2a elementor-section-boxed elementor-section-height-default elementor-section-height-default\" data-id=\"1206e2a\" data-element_type=\"section\">\n\t\t\t\t\t\t<div class=\"elementor-container elementor-column-gap-default\">\n\t\t\t\t\t<div class=\"elementor-column elementor-col-50 elementor-inner-column elementor-element elementor-element-4687cdbb\" data-id=\"4687cdbb\" data-element_type=\"column\">\n\t\t\t<div class=\"elementor-widget-wrap elementor-element-populated\">\n\t\t\t\t\t\t\t\t<div class=\"elementor-element elementor-element-20ac36d1 elementor-widget elementor-widget-text-editor\" data-id=\"20ac36d1\" data-element_type=\"widget\" data-widget_type=\"text-editor.default\">\n\t\t\t\t<div class=\"elementor-widget-container\">\n\t\t\t\t\t\t\t<p>Pentuna h\u00e4n oli pieni tuholainen. Etenkin kaikki kankainen oli sen hampaiden suosiossa (sukat, paidat yms) mutta my\u00f6s tuolinjalat ja keng\u00e4t kelpasivat. Nyt aikuisena kelpaavat onneksi vain luut ja joskus lelut.<\/p>\n<p>Nova oli pitk\u00e4\u00e4n hieman vapaassa opissa ja se oppi perusk\u00e4skyt v\u00e4h\u00e4n kuin vahingossa. Sen kanssa on harrastettu enimm\u00e4kseen agility\u00e4 ja se osoittautuu my\u00f6s \u00e4itins\u00e4 kaltaiseksi putkihulluksi taskuraketiksi. Muutama startti on 1-luokassa tehty, mutta Novan vilkkaus aiheuttaa hieman haasteita h\u00e4iri\u00f6herkkyydelle.<\/p>\n<p>Se omaa hyv\u00e4n moottorin kaikenlaiseen tekemiseen ja<span style=\"font-style: inherit; font-weight: inherit;\">&nbsp;palkaksi kelpaavat sek\u00e4 lelut ett\u00e4 namit. Nyt lajiksi on suunniteltu nosea, katsotaan mit\u00e4 siit\u00e4 kehkeytyy.<\/span><\/p>\n<p>Nova oli aivan mahtava isosisko ja leikitt\u00e4j\u00e4 VK:n 1 ja 2.pentueille ja siit\u00e4 tuli my\u00f6s hieno \u00e4iti VK:n 3.pentueelle.<\/p><p>Pystykorviensa vuoksi n\u00e4yttelykehi\u00e4 ei juuri kierretty. Mutta mielest\u00e4ni nuo p\u00e4\u00e4n koristeet sopivat neidin luonteeseen. Valitettavasti h\u00e4n vain siirsi ne my\u00f6s pojilleen&#8230;<\/p>\t\t\t\t\t\t<\/div>\n\t\t\t\t<\/div>\n\t\t\t\t\t<\/div>\n\t\t<\/div>\n\t\t\t\t<div class=\"elementor-column elementor-col-50 elementor-inner-column elementor-element elementor-element-525a1cd5\" data-id=\"525a1cd5\" data-element_type=\"column\">\n\t\t\t<div class=\"elementor-widget-wrap elementor-element-populated\">\n\t\t\t\t\t\t\t\t<div class=\"elementor-element elementor-element-7414c14e elementor-widget elementor-widget-image\" data-id=\"7414c14e\" data-element_type=\"widget\" data-widget_type=\"image.default\">\n\t\t\t\t<div class=\"elementor-widget-container\">\n\t\t\t\t\t\t\t\t\t\t\t\t\t\t\t<img loading=\"lazy\" decoding=\"async\" width=\"427\" height=\"640\" src=\"https:\/\/varjoklaanin.com\/wp-content\/uploads\/2023\/09\/Nova.jpg\" class=\"attachment-large size-large wp-image-1957\" alt=\"\" srcset=\"https:\/\/varjoklaanin.com\/wp-content\/uploads\/2023\/09\/Nova.jpg 427w, https:\/\/varjoklaanin.com\/wp-content\/uploads\/2023\/09\/Nova-200x300.jpg 200w\" sizes=\"auto, (max-width: 427px) 100vw, 427px\" \/>\t\t\t\t\t\t\t\t\t\t\t\t\t\t\t<\/div>\n\t\t\t\t<\/div>\n\t\t\t\t<div class=\"elementor-element elementor-element-3310ac6f elementor-widget elementor-widget-image\" data-id=\"3310ac6f\" data-element_type=\"widget\" data-widget_type=\"image.default\">\n\t\t\t\t<div class=\"elementor-widget-container\">\n\t\t\t\t\t\t\t\t\t\t\t\t\t\t\t<img loading=\"lazy\" decoding=\"async\" width=\"768\" height=\"1024\" src=\"https:\/\/varjoklaanin.com\/wp-content\/uploads\/2023\/09\/Kolmikko-768x1024.jpg\" class=\"attachment-large size-large wp-image-1949\" alt=\"\" srcset=\"https:\/\/varjoklaanin.com\/wp-content\/uploads\/2023\/09\/Kolmikko-768x1024.jpg 768w, https:\/\/varjoklaanin.com\/wp-content\/uploads\/2023\/09\/Kolmikko-225x300.jpg 225w, https:\/\/varjoklaanin.com\/wp-content\/uploads\/2023\/09\/Kolmikko-1152x1536.jpg 1152w, https:\/\/varjoklaanin.com\/wp-content\/uploads\/2023\/09\/Kolmikko.jpg 1200w\" sizes=\"auto, (max-width: 768px) 100vw, 768px\" \/>\t\t\t\t\t\t\t\t\t\t\t\t\t\t\t<\/div>\n\t\t\t\t<\/div>\n\t\t\t\t\t<\/div>\n\t\t<\/div>\n\t\t\t\t\t\t\t<\/div>\n\t\t<\/section>\n\t\t\t\t<div class=\"elementor-element elementor-element-7a160ea9 elementor-widget elementor-widget-spacer\" data-id=\"7a160ea9\" data-element_type=\"widget\" data-widget_type=\"spacer.default\">\n\t\t\t\t<div class=\"elementor-widget-container\">\n\t\t\t\t\t<div class=\"elementor-spacer\">\n\t\t\t<div class=\"elementor-spacer-inner\"><\/div>\n\t\t<\/div>\n\t\t\t\t<\/div>\n\t\t\t\t<\/div>\n\t\t\t\t\t<\/div>\n\t\t<\/div>\n\t\t\t\t\t\t\t<\/div>\n\t\t<\/section>\n\t\t\t\t<section class=\"elementor-section elementor-top-section elementor-element elementor-element-26626f10 elementor-section-boxed elementor-section-height-default elementor-section-height-default\" data-id=\"26626f10\" data-element_type=\"section\" data-settings=\"{&quot;background_background&quot;:&quot;classic&quot;}\">\n\t\t\t\t\t\t<div class=\"elementor-container elementor-column-gap-default\">\n\t\t\t\t\t<div class=\"elementor-column elementor-col-100 elementor-top-column elementor-element elementor-element-e7d46f0\" data-id=\"e7d46f0\" data-element_type=\"column\">\n\t\t\t<div class=\"elementor-widget-wrap elementor-element-populated\">\n\t\t\t\t\t\t\t\t<div class=\"elementor-element elementor-element-66f37109 elementor-widget elementor-widget-heading\" data-id=\"66f37109\" data-element_type=\"widget\" data-widget_type=\"heading.default\">\n\t\t\t\t<div class=\"elementor-widget-container\">\n\t\t\t<h2 class=\"elementor-heading-title elementor-size-default\">Terveys ja jalostustiedot<\/h2>\t\t<\/div>\n\t\t\t\t<\/div>\n\t\t\t\t<div class=\"elementor-element elementor-element-361576b3 elementor-widget-divider--view-line elementor-widget elementor-widget-divider\" data-id=\"361576b3\" data-element_type=\"widget\" data-widget_type=\"divider.default\">\n\t\t\t\t<div class=\"elementor-widget-container\">\n\t\t\t\t\t<div class=\"elementor-divider\">\n\t\t\t<span class=\"elementor-divider-separator\">\n\t\t\t\t\t\t<\/span>\n\t\t<\/div>\n\t\t\t\t<\/div>\n\t\t\t\t<\/div>\n\t\t\t\t<div class=\"elementor-element elementor-element-3926ec1e elementor-widget elementor-widget-text-editor\" data-id=\"3926ec1e\" data-element_type=\"widget\" data-widget_type=\"text-editor.default\">\n\t\t\t\t<div class=\"elementor-widget-container\">\n\t\t\t\t\t\t\t<p>SYNT: 7.4.2015<\/p>\n<p>IS\u00c4: Mellsj\u00f6h\u00f6gdas<span style=\"font-style: inherit; font-weight: inherit;\">&nbsp;Kind of Superduper<\/span><\/p>\n<p>EM\u00c4: K\u00e4p\u00e4l\u00e4koplan Halla<\/p>\n<p>KASVATTAJA: Kitta Peltoniemi, Kennel K\u00e4p\u00e4l\u00e4kopla<\/p>\n<p>OMISTAJA: Taina Lahnakoski, Kennel Varjoklaanin<\/p><p><span style=\"font-style: inherit; font-weight: inherit; font-family: var( --e-global-typography-text-font-family ), Sans-serif;\">Lonkat: B\/B<\/span><\/p>\n<p>Kyyn\u00e4r\u00e4t: 0\/0<\/p>\n<p>Polvet: 0\/0<\/p>\n<p>Silm\u00e4t: ok, 2022&nbsp;<\/p>\n<p>LTE +129, paukku\u00e4rtyis\u00e4<\/p>\n<p>kilpaillut agilityn mini1-luokassa<\/p>\t\t\t\t\t\t<\/div>\n\t\t\t\t<\/div>\n\t\t\t\t<div class=\"elementor-element elementor-element-126f71c0 elementor-widget elementor-widget-spacer\" data-id=\"126f71c0\" data-element_type=\"widget\" data-widget_type=\"spacer.default\">\n\t\t\t\t<div class=\"elementor-widget-container\">\n\t\t\t\t\t<div class=\"elementor-spacer\">\n\t\t\t<div class=\"elementor-spacer-inner\"><\/div>\n\t\t<\/div>\n\t\t\t\t<\/div>\n\t\t\t\t<\/div>\n\t\t\t\t\t<\/div>\n\t\t<\/div>\n\t\t\t\t\t\t\t<\/div>\n\t\t<\/section>\n\t\t\t\t\t\t\t<\/div>\n\t\t","protected":false},"excerpt":{"rendered":"<p>Nova Lauman tohelo T\u00e4m\u00e4 pieni tirri\u00e4inen on kovin erilainen kuin \u00e4itins\u00e4. Siin\u00e4 miss\u00e4 Halla on hieman pid\u00e4ttyv\u00e4inen ja rauhallinen, on Nova kovin sosiaalinen ja hieman itsep\u00e4inen. Se suorastaan vaatii kaikkia rakastamaan itse\u00e4\u00e4n, mutta omilla ehdoillaan. Se on vilkas ja hieman h\u00e4sl\u00e4. Se ei ole \u00e4\u00e4niarka ja siit\u00e4 itsest\u00e4\u00e4nkin l\u00e4htee jonkin verran \u00e4\u00e4nt\u00e4.\u00a0Se osaa my\u00f6s k\u00e4ytt\u00e4\u00e4 &hellip;<\/p>\n<p class=\"read-more\"> <a class=\"\" href=\"https:\/\/varjoklaanin.com\/index.php\/nova\/\"> <span class=\"screen-reader-text\">Nova<\/span> Read More &raquo;<\/a><\/p>\n","protected":false},"author":1,"featured_media":0,"parent":0,"menu_order":0,"comment_status":"closed","ping_status":"closed","template":"","meta":{"site-sidebar-layout":"no-sidebar","site-content-layout":"page-builder","ast-site-content-layout":"","site-content-style":"default","site-sidebar-style":"default","ast-global-header-display":"","ast-banner-title-visibility":"","ast-main-header-display":"","ast-hfb-above-header-display":"","ast-hfb-below-header-display":"","ast-hfb-mobile-header-display":"","site-post-title":"disabled","ast-breadcrumbs-content":"","ast-featured-img":"disabled","footer-sml-layout":"","theme-transparent-header-meta":"","adv-header-id-meta":"","stick-header-meta":"","header-above-stick-meta":"","header-main-stick-meta":"","header-below-stick-meta":"","astra-migrate-meta-layouts":"","footnotes":""},"class_list":["post-1881","page","type-page","status-publish","hentry"],"_links":{"self":[{"href":"https:\/\/varjoklaanin.com\/index.php\/wp-json\/wp\/v2\/pages\/1881","targetHints":{"allow":["GET"]}}],"collection":[{"href":"https:\/\/varjoklaanin.com\/index.php\/wp-json\/wp\/v2\/pages"}],"about":[{"href":"https:\/\/varjoklaanin.com\/index.php\/wp-json\/wp\/v2\/types\/page"}],"author":[{"embeddable":true,"href":"https:\/\/varjoklaanin.com\/index.php\/wp-json\/wp\/v2\/users\/1"}],"replies":[{"embeddable":true,"href":"https:\/\/varjoklaanin.com\/index.php\/wp-json\/wp\/v2\/comments?post=1881"}],"version-history":[{"count":10,"href":"https:\/\/varjoklaanin.com\/index.php\/wp-json\/wp\/v2\/pages\/1881\/revisions"}],"predecessor-version":[{"id":2124,"href":"https:\/\/varjoklaanin.com\/index.php\/wp-json\/wp\/v2\/pages\/1881\/revisions\/2124"}],"wp:attachment":[{"href":"https:\/\/varjoklaanin.com\/index.php\/wp-json\/wp\/v2\/media?parent=1881"}],"curies":[{"name":"wp","href":"https:\/\/api.w.org\/{rel}","templated":true}]}}