{"id":2095,"date":"2023-09-16T20:04:07","date_gmt":"2023-09-16T19:04:07","guid":{"rendered":"https:\/\/varjoklaanin.com\/?page_id=2095"},"modified":"2026-03-14T09:30:10","modified_gmt":"2026-03-14T09:30:10","slug":"kasvattaja","status":"publish","type":"page","link":"https:\/\/varjoklaanin.com\/index.php\/kasvattaja\/","title":{"rendered":"Kasvattaja"},"content":{"rendered":"\t\t<div data-elementor-type=\"wp-page\" data-elementor-id=\"2095\" class=\"elementor elementor-2095\">\n\t\t\t\t\t\t\t\t\t<section class=\"elementor-section elementor-top-section elementor-element elementor-element-1cf908ae elementor-section-height-min-height elementor-section-boxed elementor-section-height-default elementor-section-items-middle\" data-id=\"1cf908ae\" data-element_type=\"section\" data-settings=\"{&quot;background_background&quot;:&quot;classic&quot;}\">\n\t\t\t\t\t\t\t<div class=\"elementor-background-overlay\"><\/div>\n\t\t\t\t\t\t\t<div class=\"elementor-container elementor-column-gap-default\">\n\t\t\t\t\t<div class=\"elementor-column elementor-col-100 elementor-top-column elementor-element elementor-element-30d25e5a\" data-id=\"30d25e5a\" data-element_type=\"column\">\n\t\t\t<div class=\"elementor-widget-wrap elementor-element-populated\">\n\t\t\t\t\t\t\t\t<div class=\"elementor-element elementor-element-4832e6f8 elementor-widget elementor-widget-heading\" data-id=\"4832e6f8\" data-element_type=\"widget\" data-widget_type=\"heading.default\">\n\t\t\t\t<div class=\"elementor-widget-container\">\n\t\t\t<style>\/*! elementor - v3.16.0 - 14-09-2023 *\/\n.elementor-heading-title{padding:0;margin:0;line-height:1}.elementor-widget-heading .elementor-heading-title[class*=elementor-size-]>a{color:inherit;font-size:inherit;line-height:inherit}.elementor-widget-heading .elementor-heading-title.elementor-size-small{font-size:15px}.elementor-widget-heading .elementor-heading-title.elementor-size-medium{font-size:19px}.elementor-widget-heading .elementor-heading-title.elementor-size-large{font-size:29px}.elementor-widget-heading .elementor-heading-title.elementor-size-xl{font-size:39px}.elementor-widget-heading .elementor-heading-title.elementor-size-xxl{font-size:59px}<\/style><h1 class=\"elementor-heading-title elementor-size-default\">Kasvattaja<\/h1>\t\t<\/div>\n\t\t\t\t<\/div>\n\t\t\t\t\t<\/div>\n\t\t<\/div>\n\t\t\t\t\t\t\t<\/div>\n\t\t<\/section>\n\t\t\t\t<section class=\"elementor-section elementor-top-section elementor-element elementor-element-6ede9774 elementor-section-boxed elementor-section-height-default elementor-section-height-default\" data-id=\"6ede9774\" data-element_type=\"section\" data-settings=\"{&quot;background_background&quot;:&quot;classic&quot;}\">\n\t\t\t\t\t\t<div class=\"elementor-container elementor-column-gap-default\">\n\t\t\t\t\t<div class=\"elementor-column elementor-col-100 elementor-top-column elementor-element elementor-element-2fd2f47\" data-id=\"2fd2f47\" data-element_type=\"column\">\n\t\t\t<div class=\"elementor-widget-wrap elementor-element-populated\">\n\t\t\t\t\t\t\t\t<div class=\"elementor-element elementor-element-9b74320 elementor-widget elementor-widget-spacer\" data-id=\"9b74320\" data-element_type=\"widget\" data-widget_type=\"spacer.default\">\n\t\t\t\t<div class=\"elementor-widget-container\">\n\t\t\t<style>\/*! elementor - v3.16.0 - 14-09-2023 *\/\n.elementor-column .elementor-spacer-inner{height:var(--spacer-size)}.e-con{--container-widget-width:100%}.e-con-inner>.elementor-widget-spacer,.e-con>.elementor-widget-spacer{width:var(--container-widget-width,var(--spacer-size));--align-self:var(--container-widget-align-self,initial);--flex-shrink:0}.e-con-inner>.elementor-widget-spacer>.elementor-widget-container,.e-con>.elementor-widget-spacer>.elementor-widget-container{height:100%;width:100%}.e-con-inner>.elementor-widget-spacer>.elementor-widget-container>.elementor-spacer,.e-con>.elementor-widget-spacer>.elementor-widget-container>.elementor-spacer{height:100%}.e-con-inner>.elementor-widget-spacer>.elementor-widget-container>.elementor-spacer>.elementor-spacer-inner,.e-con>.elementor-widget-spacer>.elementor-widget-container>.elementor-spacer>.elementor-spacer-inner{height:var(--container-widget-height,var(--spacer-size))}.e-con-inner>.elementor-widget-spacer.elementor-widget-empty,.e-con>.elementor-widget-spacer.elementor-widget-empty{position:relative;min-height:22px;min-width:22px}.e-con-inner>.elementor-widget-spacer.elementor-widget-empty .elementor-widget-empty-icon,.e-con>.elementor-widget-spacer.elementor-widget-empty .elementor-widget-empty-icon{position:absolute;top:0;bottom:0;left:0;right:0;margin:auto;padding:0;width:22px;height:22px}<\/style>\t\t<div class=\"elementor-spacer\">\n\t\t\t<div class=\"elementor-spacer-inner\"><\/div>\n\t\t<\/div>\n\t\t\t\t<\/div>\n\t\t\t\t<\/div>\n\t\t\t\t<section class=\"elementor-section elementor-inner-section elementor-element elementor-element-6a8f9f9e elementor-section-boxed elementor-section-height-default elementor-section-height-default\" data-id=\"6a8f9f9e\" data-element_type=\"section\">\n\t\t\t\t\t\t<div class=\"elementor-container elementor-column-gap-default\">\n\t\t\t\t\t<div class=\"elementor-column elementor-col-50 elementor-inner-column elementor-element elementor-element-53888ebe\" data-id=\"53888ebe\" data-element_type=\"column\">\n\t\t\t<div class=\"elementor-widget-wrap elementor-element-populated\">\n\t\t\t\t\t\t\t\t<div class=\"elementor-element elementor-element-3825b0b0 elementor-widget elementor-widget-heading\" data-id=\"3825b0b0\" data-element_type=\"widget\" data-widget_type=\"heading.default\">\n\t\t\t\t<div class=\"elementor-widget-container\">\n\t\t\t<h2 class=\"elementor-heading-title elementor-size-default\"><span style=\"font-family: Barlow, sans-serif; font-size: 55px; font-weight: var( --e-global-typography-primary-font-weight );\">Taina Lahnakoski<\/span><\/h2>\t\t<\/div>\n\t\t\t\t<\/div>\n\t\t\t\t<div class=\"elementor-element elementor-element-60a08e61 elementor-widget-divider--view-line elementor-widget elementor-widget-divider\" data-id=\"60a08e61\" data-element_type=\"widget\" data-widget_type=\"divider.default\">\n\t\t\t\t<div class=\"elementor-widget-container\">\n\t\t\t<style>\/*! elementor - v3.16.0 - 14-09-2023 *\/\n.elementor-widget-divider{--divider-border-style:none;--divider-border-width:1px;--divider-color:#0c0d0e;--divider-icon-size:20px;--divider-element-spacing:10px;--divider-pattern-height:24px;--divider-pattern-size:20px;--divider-pattern-url:none;--divider-pattern-repeat:repeat-x}.elementor-widget-divider .elementor-divider{display:flex}.elementor-widget-divider .elementor-divider__text{font-size:15px;line-height:1;max-width:95%}.elementor-widget-divider .elementor-divider__element{margin:0 var(--divider-element-spacing);flex-shrink:0}.elementor-widget-divider .elementor-icon{font-size:var(--divider-icon-size)}.elementor-widget-divider .elementor-divider-separator{display:flex;margin:0;direction:ltr}.elementor-widget-divider--view-line_icon .elementor-divider-separator,.elementor-widget-divider--view-line_text .elementor-divider-separator{align-items:center}.elementor-widget-divider--view-line_icon .elementor-divider-separator:after,.elementor-widget-divider--view-line_icon .elementor-divider-separator:before,.elementor-widget-divider--view-line_text .elementor-divider-separator:after,.elementor-widget-divider--view-line_text .elementor-divider-separator:before{display:block;content:\"\";border-bottom:0;flex-grow:1;border-top:var(--divider-border-width) var(--divider-border-style) var(--divider-color)}.elementor-widget-divider--element-align-left .elementor-divider .elementor-divider-separator>.elementor-divider__svg:first-of-type{flex-grow:0;flex-shrink:100}.elementor-widget-divider--element-align-left .elementor-divider-separator:before{content:none}.elementor-widget-divider--element-align-left .elementor-divider__element{margin-left:0}.elementor-widget-divider--element-align-right .elementor-divider .elementor-divider-separator>.elementor-divider__svg:last-of-type{flex-grow:0;flex-shrink:100}.elementor-widget-divider--element-align-right .elementor-divider-separator:after{content:none}.elementor-widget-divider--element-align-right .elementor-divider__element{margin-right:0}.elementor-widget-divider:not(.elementor-widget-divider--view-line_text):not(.elementor-widget-divider--view-line_icon) .elementor-divider-separator{border-top:var(--divider-border-width) var(--divider-border-style) var(--divider-color)}.elementor-widget-divider--separator-type-pattern{--divider-border-style:none}.elementor-widget-divider--separator-type-pattern.elementor-widget-divider--view-line .elementor-divider-separator,.elementor-widget-divider--separator-type-pattern:not(.elementor-widget-divider--view-line) .elementor-divider-separator:after,.elementor-widget-divider--separator-type-pattern:not(.elementor-widget-divider--view-line) .elementor-divider-separator:before,.elementor-widget-divider--separator-type-pattern:not([class*=elementor-widget-divider--view]) .elementor-divider-separator{width:100%;min-height:var(--divider-pattern-height);-webkit-mask-size:var(--divider-pattern-size) 100%;mask-size:var(--divider-pattern-size) 100%;-webkit-mask-repeat:var(--divider-pattern-repeat);mask-repeat:var(--divider-pattern-repeat);background-color:var(--divider-color);-webkit-mask-image:var(--divider-pattern-url);mask-image:var(--divider-pattern-url)}.elementor-widget-divider--no-spacing{--divider-pattern-size:auto}.elementor-widget-divider--bg-round{--divider-pattern-repeat:round}.rtl .elementor-widget-divider .elementor-divider__text{direction:rtl}.e-con-inner>.elementor-widget-divider,.e-con>.elementor-widget-divider{width:var(--container-widget-width,100%);--flex-grow:var(--container-widget-flex-grow)}<\/style>\t\t<div class=\"elementor-divider\">\n\t\t\t<span class=\"elementor-divider-separator\">\n\t\t\t\t\t\t<\/span>\n\t\t<\/div>\n\t\t\t\t<\/div>\n\t\t\t\t<\/div>\n\t\t\t\t<div class=\"elementor-element elementor-element-796f4f9 elementor-hidden-desktop elementor-hidden-tablet elementor-widget elementor-widget-image\" data-id=\"796f4f9\" data-element_type=\"widget\" data-widget_type=\"image.default\">\n\t\t\t\t<div class=\"elementor-widget-container\">\n\t\t\t<style>\/*! elementor - v3.16.0 - 14-09-2023 *\/\n.elementor-widget-image{text-align:center}.elementor-widget-image a{display:inline-block}.elementor-widget-image a img[src$=\".svg\"]{width:48px}.elementor-widget-image img{vertical-align:middle;display:inline-block}<\/style>\t\t\t\t\t\t\t\t\t\t\t\t<img loading=\"lazy\" decoding=\"async\" width=\"1024\" height=\"1024\" src=\"https:\/\/varjoklaanin.com\/wp-content\/uploads\/2023\/09\/Kuva2-1-1024x1024.jpg\" class=\"attachment-large size-large wp-image-2136\" alt=\"\" srcset=\"https:\/\/varjoklaanin.com\/wp-content\/uploads\/2023\/09\/Kuva2-1-1024x1024.jpg 1024w, https:\/\/varjoklaanin.com\/wp-content\/uploads\/2023\/09\/Kuva2-1-300x300.jpg 300w, https:\/\/varjoklaanin.com\/wp-content\/uploads\/2023\/09\/Kuva2-1-150x150.jpg 150w, https:\/\/varjoklaanin.com\/wp-content\/uploads\/2023\/09\/Kuva2-1-768x768.jpg 768w, https:\/\/varjoklaanin.com\/wp-content\/uploads\/2023\/09\/Kuva2-1.jpg 1092w\" sizes=\"auto, (max-width: 1024px) 100vw, 1024px\" \/>\t\t\t\t\t\t\t\t\t\t\t\t\t\t\t<\/div>\n\t\t\t\t<\/div>\n\t\t\t\t<div class=\"elementor-element elementor-element-471396fd elementor-widget__width-initial elementor-widget elementor-widget-text-editor\" data-id=\"471396fd\" data-element_type=\"widget\" data-widget_type=\"text-editor.default\">\n\t\t\t\t<div class=\"elementor-widget-container\">\n\t\t\t<style>\/*! elementor - v3.16.0 - 14-09-2023 *\/\n.elementor-widget-text-editor.elementor-drop-cap-view-stacked .elementor-drop-cap{background-color:#69727d;color:#fff}.elementor-widget-text-editor.elementor-drop-cap-view-framed .elementor-drop-cap{color:#69727d;border:3px solid;background-color:transparent}.elementor-widget-text-editor:not(.elementor-drop-cap-view-default) .elementor-drop-cap{margin-top:8px}.elementor-widget-text-editor:not(.elementor-drop-cap-view-default) .elementor-drop-cap-letter{width:1em;height:1em}.elementor-widget-text-editor .elementor-drop-cap{float:left;text-align:center;line-height:1;font-size:50px}.elementor-widget-text-editor .elementor-drop-cap-letter{display:inline-block}<\/style>\t\t\t\t<ul style=\"font-size: 20px; font-style: normal; font-weight: 500;\">\n<li style=\"font-size: 20px;\">-85 syntynyt h\u00e4meenlinnalainen, jonka el\u00e4m\u00e4\u00e4n on aina kuuluneet erilaiset karvapallot. Nuorempana jouduin vanhempieni allergian takia &#8220;tyytym\u00e4\u00e4n&#8221; kavereiden ja sukulaisten el\u00e4inyst\u00e4viin, mutta kotoa muuton j\u00e4lkeen olen ottanut &#8220;vahingon takaisin&#8221;. Toki hevoset ja ratsastus olivat kuvioissa jo ala-aste ik\u00e4isest\u00e4.<\/li>\n<\/ul>\n<ul style=\"font-size: 20px; font-style: normal; font-weight: 500;\">\n<li style=\"font-size: 20px;\">Vihdoin kev\u00e4\u00e4ll\u00e4 2013 oli sopiva aika ostaa itselleni se paras ja ihanin syntt\u00e4rilahja. Kes\u00e4kuussa sain Hallan. Olin jo pitk\u00e4\u00e4n seuraillut Hallan kasvattajan sivuja ja koiria. Oli suuri onni ett\u00e4 sain sielt\u00e4 pennun. Siit\u00e4 se sitten l\u00e4hti ja vei mukanaan.<\/li>\n<\/ul>\n<ul style=\"font-size: 20px; font-style: normal; font-weight: 500;\">\n<li style=\"font-size: 20px;\">Sain my\u00f6s seurata Hallan ensimm\u00e4ist\u00e4 pentuprojektia ja ottaa oppia tulevaan! Halla oli leasing-lainassa kasvattajallaa kev\u00e4\u00e4ll\u00e4 2015. T\u00e4st\u00e4 iso kiitos Kittalle.<\/li>\n<\/ul>\n<ul style=\"font-size: 20px; font-style: normal; font-weight: 500;\">\n<li style=\"font-size: 20px;\">Kasvattajan peruskurssin suoritin my\u00f6s kev\u00e4\u00e4ll\u00e4 2015 ja kasvattajanimi minulle my\u00f6nnettiin sitten syksyll\u00e4. Kasvattajan jatkokurssi on suunnitelmissa heti kun se aikatauluuni saan mahtumaan. Olen my\u00f6s kiinnostunut koirat kasvatus- ja kuntoutusty\u00f6ss\u00e4 koulutuksesta ja ehk\u00e4p\u00e4 joskus sinnekkin eksyn.<\/li>\n<\/ul>\n<ul style=\"font-size: 20px; font-style: normal; font-weight: 500;\">\n<li style=\"font-size: 20px;\">Olen vuoro t\u00f6iss\u00e4 sairaanhoitajana. T\u00e4m\u00e4n vuoksi toivon kaikki yhteydenotot s-postilla. Ja l\u00f6yt\u00e4\u00e4h\u00e4n kennelinsivut my\u00f6s facepuukista ja instagramista.<\/li>\n<\/ul>\t\t\t\t\t\t<\/div>\n\t\t\t\t<\/div>\n\t\t\t\t\t<\/div>\n\t\t<\/div>\n\t\t\t\t<div class=\"elementor-column elementor-col-50 elementor-inner-column elementor-element elementor-element-6d95ea47\" data-id=\"6d95ea47\" data-element_type=\"column\">\n\t\t\t<div class=\"elementor-widget-wrap elementor-element-populated\">\n\t\t\t\t\t\t\t\t<div class=\"elementor-element elementor-element-c83bad9 elementor-widget elementor-widget-image\" data-id=\"c83bad9\" data-element_type=\"widget\" data-widget_type=\"image.default\">\n\t\t\t\t<div class=\"elementor-widget-container\">\n\t\t\t\t\t\t\t\t\t\t\t\t\t\t\t<img loading=\"lazy\" decoding=\"async\" width=\"828\" height=\"542\" src=\"https:\/\/varjoklaanin.com\/wp-content\/uploads\/2023\/09\/Kasvattaja.jpg\" class=\"attachment-large size-large wp-image-1946\" alt=\"\" srcset=\"https:\/\/varjoklaanin.com\/wp-content\/uploads\/2023\/09\/Kasvattaja.jpg 828w, https:\/\/varjoklaanin.com\/wp-content\/uploads\/2023\/09\/Kasvattaja-300x196.jpg 300w, https:\/\/varjoklaanin.com\/wp-content\/uploads\/2023\/09\/Kasvattaja-768x503.jpg 768w\" sizes=\"auto, (max-width: 828px) 100vw, 828px\" \/>\t\t\t\t\t\t\t\t\t\t\t\t\t\t\t<\/div>\n\t\t\t\t<\/div>\n\t\t\t\t<div class=\"elementor-element elementor-element-f6e9040 elementor-hidden-mobile elementor-widget elementor-widget-image\" data-id=\"f6e9040\" data-element_type=\"widget\" data-widget_type=\"image.default\">\n\t\t\t\t<div class=\"elementor-widget-container\">\n\t\t\t\t\t\t\t\t\t\t\t\t\t\t\t<img loading=\"lazy\" decoding=\"async\" width=\"1024\" height=\"1024\" src=\"https:\/\/varjoklaanin.com\/wp-content\/uploads\/2023\/09\/Kuva2-1024x1024.jpg\" class=\"attachment-large size-large wp-image-1953\" alt=\"\" srcset=\"https:\/\/varjoklaanin.com\/wp-content\/uploads\/2023\/09\/Kuva2-1024x1024.jpg 1024w, https:\/\/varjoklaanin.com\/wp-content\/uploads\/2023\/09\/Kuva2-300x300.jpg 300w, https:\/\/varjoklaanin.com\/wp-content\/uploads\/2023\/09\/Kuva2-150x150.jpg 150w, https:\/\/varjoklaanin.com\/wp-content\/uploads\/2023\/09\/Kuva2-768x768.jpg 768w, https:\/\/varjoklaanin.com\/wp-content\/uploads\/2023\/09\/Kuva2.jpg 1092w\" sizes=\"auto, (max-width: 1024px) 100vw, 1024px\" \/>\t\t\t\t\t\t\t\t\t\t\t\t\t\t\t<\/div>\n\t\t\t\t<\/div>\n\t\t\t\t\t<\/div>\n\t\t<\/div>\n\t\t\t\t\t\t\t<\/div>\n\t\t<\/section>\n\t\t\t\t<div class=\"elementor-element elementor-element-13a4f5a elementor-widget elementor-widget-spacer\" data-id=\"13a4f5a\" data-element_type=\"widget\" data-widget_type=\"spacer.default\">\n\t\t\t\t<div class=\"elementor-widget-container\">\n\t\t\t\t\t<div class=\"elementor-spacer\">\n\t\t\t<div class=\"elementor-spacer-inner\"><\/div>\n\t\t<\/div>\n\t\t\t\t<\/div>\n\t\t\t\t<\/div>\n\t\t\t\t\t<\/div>\n\t\t<\/div>\n\t\t\t\t\t\t\t<\/div>\n\t\t<\/section>\n\t\t\t\t\t\t\t<\/div>\n\t\t","protected":false},"excerpt":{"rendered":"<p>Kasvattaja Taina Lahnakoski -85 syntynyt h\u00e4meenlinnalainen, jonka el\u00e4m\u00e4\u00e4n on aina kuuluneet erilaiset karvapallot. Nuorempana jouduin vanhempieni allergian takia &#8220;tyytym\u00e4\u00e4n&#8221; kavereiden ja sukulaisten el\u00e4inyst\u00e4viin, mutta kotoa muuton j\u00e4lkeen olen ottanut &#8220;vahingon takaisin&#8221;. Toki hevoset ja ratsastus olivat kuvioissa jo ala-aste ik\u00e4isest\u00e4. Vihdoin kev\u00e4\u00e4ll\u00e4 2013 oli sopiva aika ostaa itselleni se paras ja ihanin syntt\u00e4rilahja. Kes\u00e4kuussa sain &hellip;<\/p>\n<p class=\"read-more\"> <a class=\"\" href=\"https:\/\/varjoklaanin.com\/index.php\/kasvattaja\/\"> <span class=\"screen-reader-text\">Kasvattaja<\/span> Read More &raquo;<\/a><\/p>\n","protected":false},"author":1,"featured_media":0,"parent":0,"menu_order":0,"comment_status":"closed","ping_status":"closed","template":"","meta":{"site-sidebar-layout":"no-sidebar","site-content-layout":"page-builder","ast-site-content-layout":"","site-content-style":"default","site-sidebar-style":"default","ast-global-header-display":"","ast-banner-title-visibility":"","ast-main-header-display":"","ast-hfb-above-header-display":"","ast-hfb-below-header-display":"","ast-hfb-mobile-header-display":"","site-post-title":"disabled","ast-breadcrumbs-content":"","ast-featured-img":"disabled","footer-sml-layout":"","theme-transparent-header-meta":"","adv-header-id-meta":"","stick-header-meta":"","header-above-stick-meta":"","header-main-stick-meta":"","header-below-stick-meta":"","astra-migrate-meta-layouts":"","footnotes":""},"class_list":["post-2095","page","type-page","status-publish","hentry"],"_links":{"self":[{"href":"https:\/\/varjoklaanin.com\/index.php\/wp-json\/wp\/v2\/pages\/2095","targetHints":{"allow":["GET"]}}],"collection":[{"href":"https:\/\/varjoklaanin.com\/index.php\/wp-json\/wp\/v2\/pages"}],"about":[{"href":"https:\/\/varjoklaanin.com\/index.php\/wp-json\/wp\/v2\/types\/page"}],"author":[{"embeddable":true,"href":"https:\/\/varjoklaanin.com\/index.php\/wp-json\/wp\/v2\/users\/1"}],"replies":[{"embeddable":true,"href":"https:\/\/varjoklaanin.com\/index.php\/wp-json\/wp\/v2\/comments?post=2095"}],"version-history":[{"count":19,"href":"https:\/\/varjoklaanin.com\/index.php\/wp-json\/wp\/v2\/pages\/2095\/revisions"}],"predecessor-version":[{"id":2153,"href":"https:\/\/varjoklaanin.com\/index.php\/wp-json\/wp\/v2\/pages\/2095\/revisions\/2153"}],"wp:attachment":[{"href":"https:\/\/varjoklaanin.com\/index.php\/wp-json\/wp\/v2\/media?parent=2095"}],"curies":[{"name":"wp","href":"https:\/\/api.w.org\/{rel}","templated":true}]}}